{"id":11,"date":"2022-03-06T18:33:46","date_gmt":"2022-03-06T17:33:46","guid":{"rendered":"https:\/\/www.lukas-hasek.cz\/?page_id=11"},"modified":"2026-01-28T20:21:04","modified_gmt":"2026-01-28T19:21:04","slug":"bio","status":"publish","type":"page","link":"https:\/\/www.lukas-hasek.cz\/index.php\/bio\/","title":{"rendered":"Ha\u0161ek"},"content":{"rendered":"\n<div style=\"height:100px\" aria-hidden=\"true\" class=\"wp-block-spacer\"><\/div>\n\n\n\n<p class=\"has-medium-font-size\">MgA. Mgr. Luk\u00e1\u0161 Ha\u0161ek\u00a0\u2013 \u010desk\u00fd mal\u00ed\u0159, krajin\u00e1\u0159, tramp, vod\u00e1k, \u00fa\u010dastn\u00edk ji\u017e legend\u00e1rn\u00edch plen\u00e9rov\u00fdch d\u00edlen V\u00e1clava Maliny a Franti\u0161ka Hodonsk\u00e9ho.<\/p>\n\n\n\n<p class=\"has-medium-font-size\">Narozen roku 1985 v Plzni, \u017eije v Tlu\u010dn\u00e9 u Plzn\u011b.<\/p>\n\n\n\n<p class=\"has-medium-font-size\">Vystudoval obor malba, grafick\u00fd design a v\u00fdtvarn\u00e1 v\u00fdchova v Plzni. V&nbsp;sou\u010dasnosti se v\u011bnuje voln\u00e9 krajinomalb\u011b a pedagogick\u00e9 \u010dinnosti. Je ovlivn\u011bn d\u00edlem Jaroslava Foglara, od d\u011btstv\u00ed byl veden\u00fd k&nbsp;tr\u00e1ven\u00ed voln\u00e9ho \u010dasu v&nbsp;p\u0159\u00edrod\u011b. Jeho rajonem je p\u0159edev\u0161\u00edm severn\u00ed Plze\u0148sko \u2013 p\u0159ehrada Hracholusky na \u0159ece M\u017ei se sv\u00fdmi p\u0159\u00edtoky, okol\u00ed Konstantinov\u00fdch L\u00e1zn\u00ed, Man\u011bt\u00ednsk\u00fd les a \u00fadol\u00ed St\u0159ely. Ob\u010das na sv\u00fdch toulk\u00e1ch zabloud\u00ed tak\u00e9 na K\u0159ivokl\u00e1tsko, \u0160umavu nebo do \u010cesk\u00e9ho krasu. Od roku 2018 je \u010dlenem Unie v\u00fdtvarn\u00fdch um\u011blc\u016f Plze\u0148.<\/p>\n\n\n\n<figure class=\"wp-block-image size-large\"><img loading=\"lazy\" decoding=\"async\" width=\"1024\" height=\"768\" src=\"https:\/\/www.lukas-hasek.cz\/wp-content\/uploads\/2023\/05\/IMG_20221228_110421-1024x768.jpg\" alt=\"\" class=\"wp-image-527\" srcset=\"https:\/\/www.lukas-hasek.cz\/wp-content\/uploads\/2023\/05\/IMG_20221228_110421-1024x768.jpg 1024w, https:\/\/www.lukas-hasek.cz\/wp-content\/uploads\/2023\/05\/IMG_20221228_110421-300x225.jpg 300w, https:\/\/www.lukas-hasek.cz\/wp-content\/uploads\/2023\/05\/IMG_20221228_110421-768x576.jpg 768w, https:\/\/www.lukas-hasek.cz\/wp-content\/uploads\/2023\/05\/IMG_20221228_110421-1536x1152.jpg 1536w, https:\/\/www.lukas-hasek.cz\/wp-content\/uploads\/2023\/05\/IMG_20221228_110421-2048x1536.jpg 2048w\" sizes=\"auto, (max-width: 1024px) 100vw, 1024px\" \/><\/figure>\n\n\n\n<p class=\"has-medium-font-size\">\u201eLes a krajinu vn\u00edm\u00e1m jako prostor pro vlastn\u00ed p\u0159em\u00edt\u00e1n\u00ed, my\u0161lenky, zastaven\u00ed se v \u010dase i ohl\u00e9dnut\u00ed zp\u011bt. Touha hledat v\u00fdtvarnou formu v p\u0159\u00edrod\u011b vznikla z\u0159ejm\u011b s typem m\u00e9ho osobnostn\u00edho zalo\u017een\u00ed. Inspiraci hled\u00e1m v \u00fadol\u00ed \u0159\u00ed\u010dek a potok\u016f, m\u00edstech, kde se nad \u0159ekou klikat\u00ed jen nepatrn\u00e1 stezka. Tam m\u016f\u017eu nal\u00e9zt vysok\u00e1 \u00fabo\u010d\u00ed, poklidn\u00e9 meandry, rokle i pr\u016fhledy do voln\u00e9 krajiny. Zaj\u00edm\u00e1 m\u011b vztah mezi voln\u00fdm tvarem geometri\u00ed a barvou. Touhle dobrodru\u017enou tv\u016fr\u010d\u00ed hrou p\u0159ich\u00e1z\u00edm \u010dasto k \u0159e\u0161en\u00ed \u00fapln\u011b jednoduch\u00e9mu, v duchu grafick\u00e9ho designu.<\/p>\n\n\n\n<p class=\"has-medium-font-size\">&#8222;Neposp\u00edchat, dok\u00e1zat pro\u017e\u00edt pohodu a pozorn\u011b se d\u00edvat kolem sebe m\u016f\u017ee st\u00e1t na po\u010d\u00e1tku cesty k v\u00fdtvarn\u00e9mu vyj\u00e1d\u0159en\u00ed.\u201c<\/p>\n\n\n\n<blockquote class=\"wp-block-quote is-layout-flow wp-block-quote-is-layout-flow\">\n<p><\/p>\n<\/blockquote>\n\n\n\n<div style=\"height:100px\" aria-hidden=\"true\" class=\"wp-block-spacer\"><\/div>\n\n\n\n<p class=\"has-medium-font-size\">Instagram: <a href=\"https:\/\/www.instagram.com\/studioprehrada\/\" data-type=\"link\" data-id=\"https:\/\/www.instagram.com\/studioprehrada\/\">studioprehrada<\/a><\/p>\n\n\n\n<p class=\"has-medium-font-size\">E-mail: lukas-hasek(zavin\u00e1\u010d)email.cz<\/p>\n\n\n\n<p><\/p>\n\n\n\n<p><\/p>\n\n\n<div class=\"wp-block-image\">\n<figure class=\"aligncenter size-large\"><img loading=\"lazy\" decoding=\"async\" width=\"724\" height=\"1024\" src=\"https:\/\/www.lukas-hasek.cz\/wp-content\/uploads\/2024\/08\/vystava_final-A4-724x1024.png\" alt=\"\" class=\"wp-image-642\" srcset=\"https:\/\/www.lukas-hasek.cz\/wp-content\/uploads\/2024\/08\/vystava_final-A4-724x1024.png 724w, https:\/\/www.lukas-hasek.cz\/wp-content\/uploads\/2024\/08\/vystava_final-A4-212x300.png 212w, https:\/\/www.lukas-hasek.cz\/wp-content\/uploads\/2024\/08\/vystava_final-A4-768x1086.png 768w, https:\/\/www.lukas-hasek.cz\/wp-content\/uploads\/2024\/08\/vystava_final-A4-1086x1536.png 1086w, https:\/\/www.lukas-hasek.cz\/wp-content\/uploads\/2024\/08\/vystava_final-A4-1449x2048.png 1449w\" sizes=\"auto, (max-width: 724px) 100vw, 724px\" \/><\/figure>\n<\/div>\n\n\n<p class=\"has-black-color has-text-color\"><\/p>\n\n\n\n<div style=\"height:100px\" aria-hidden=\"true\" class=\"wp-block-spacer\"><\/div>\n\n\n\n<p><\/p>\n","protected":false},"excerpt":{"rendered":"<p>MgA. Mgr. Luk\u00e1\u0161 Ha\u0161ek\u00a0\u2013 \u010desk\u00fd mal\u00ed\u0159, krajin\u00e1\u0159, tramp, vod\u00e1k, \u00fa\u010dastn\u00edk ji\u017e legend\u00e1rn\u00edch plen\u00e9rov\u00fdch d\u00edlen V\u00e1clava Maliny a Franti\u0161ka Hodonsk\u00e9ho. Narozen roku 1985 v Plzni, \u017eije v Tlu\u010dn\u00e9 u Plzn\u011b. Vystudoval obor malba, grafick\u00fd design a v\u00fdtvarn\u00e1 v\u00fdchova v Plzni. V&nbsp;sou\u010dasnosti se v\u011bnuje voln\u00e9 krajinomalb\u011b a pedagogick\u00e9 \u010dinnosti. Je ovlivn\u011bn d\u00edlem Jaroslava Foglara, od d\u011btstv\u00ed byl&#8230;<\/p>\n","protected":false},"author":2,"featured_media":0,"parent":0,"menu_order":0,"comment_status":"closed","ping_status":"closed","template":"","meta":{"footnotes":""},"class_list":["post-11","page","type-page","status-publish","hentry"],"_links":{"self":[{"href":"https:\/\/www.lukas-hasek.cz\/index.php\/wp-json\/wp\/v2\/pages\/11","targetHints":{"allow":["GET"]}}],"collection":[{"href":"https:\/\/www.lukas-hasek.cz\/index.php\/wp-json\/wp\/v2\/pages"}],"about":[{"href":"https:\/\/www.lukas-hasek.cz\/index.php\/wp-json\/wp\/v2\/types\/page"}],"author":[{"embeddable":true,"href":"https:\/\/www.lukas-hasek.cz\/index.php\/wp-json\/wp\/v2\/users\/2"}],"replies":[{"embeddable":true,"href":"https:\/\/www.lukas-hasek.cz\/index.php\/wp-json\/wp\/v2\/comments?post=11"}],"version-history":[{"count":96,"href":"https:\/\/www.lukas-hasek.cz\/index.php\/wp-json\/wp\/v2\/pages\/11\/revisions"}],"predecessor-version":[{"id":795,"href":"https:\/\/www.lukas-hasek.cz\/index.php\/wp-json\/wp\/v2\/pages\/11\/revisions\/795"}],"wp:attachment":[{"href":"https:\/\/www.lukas-hasek.cz\/index.php\/wp-json\/wp\/v2\/media?parent=11"}],"curies":[{"name":"wp","href":"https:\/\/api.w.org\/{rel}","templated":true}]}}